{"id":143,"date":"2017-10-16T13:37:45","date_gmt":"2017-10-16T13:37:45","guid":{"rendered":"http:\/\/esaude.ese.ipp.pt\/?page_id=143"},"modified":"2017-10-16T13:37:45","modified_gmt":"2017-10-16T13:37:45","slug":"contactos","status":"publish","type":"page","link":"https:\/\/esaude.ese.ipp.pt\/?page_id=143","title":{"rendered":"Contactos"},"content":{"rendered":"<div class=\"mYVXT\">\n<div class=\"LS81yb VICjCf\" tabindex=\"-1\">\n<div class=\"hJDwNd-AhqUyc-uQSCkd purZT-AhqUyc-II5mzb pSzOP-AhqUyc-qWD73c JNdkSc\">\n<div class=\"oKdM2c\">\n<div id=\"h.p_eFpjxlQfg0yk\" class=\"hJDwNd-AhqUyc-uQSCkd jXK9ad D2fZ2 OjCsFc wHaque GNzUNc\">\n<div class=\"jXK9ad-SmKAyb jXK9ad-SmKAyb-c4YZDc\">\n<div class=\"tyJCtd mGzaTb baZpAe\">\n<p id=\"h.p_mIvs7MC4g5Sa\" class=\"zfr3Q\">Carla Serr\u00e3o (<a class=\"dhtgD\" href=\"mailto:siiig@ese.ipp.pt\" target=\"_blank\">siiig@ese.ipp.pt<\/a>)<\/p>\n<p class=\"zfr3Q\">Sofia Veiga<\/p>\n<p class=\"zfr3Q\">RuthSampaio<\/p>\n<p class=\"zfr3Q\">Rui Teles (<a class=\"dhtgD\" href=\"mailto:rteles@ese.ipp.pt\" target=\"_blank\">rteles@ese.ipp.pt<\/a>) 914017559<\/p>\n<\/div>\n<\/div>\n<\/div>\n<\/div>\n<\/div>\n<\/div>\n<\/div>\n<p class=\"zfr3Q\">\n<p id=\"h.p_OBVw2IpMhLnD\" class=\"zfr3Q\">Localiza\u00e7\u00e3o<\/p>\n<p id=\"h.p_BCCEzR5MsfvG\" class=\"zfr3Q\"><strong>Rua Dr. Roberto Frias, 602 4200-465 <\/strong><\/p>\n<p id=\"h.p_IzS1b5KEHxLZ\" class=\"zfr3Q\">Porto &#8211; Portugal<\/p>\n<p id=\"h.p_-CK40kFfH0j7\" class=\"zfr3Q\">T. +351 225 073 460 &#8211; F. +351 225 073 464<\/p>\n<p id=\"h.p_2KyDYUhoHvG7\" class=\"zfr3Q\">ese@ese.ipp.pt<\/p>\n<p id=\"h.p_XYcvRB0sHthO\" class=\"zfr3Q\">Veja mais em: https:\/\/www.ese.ipp.pt<\/p>\n","protected":false},"excerpt":{"rendered":"<p>Carla Serr\u00e3o (siiig@ese.ipp.pt) Sofia Veiga RuthSampaio Rui Teles (rteles@ese.ipp.pt) 914017559 Localiza\u00e7\u00e3o Rua Dr. Roberto Frias, 602 4200-465 Porto &#8211; Portugal T. +351 225 073 460 &#8211; F. +351 225 073 464 ese@ese.ipp.pt Veja mais em: https:\/\/www.ese.ipp.pt<\/p>\n","protected":false},"author":2,"featured_media":0,"parent":0,"menu_order":0,"comment_status":"closed","ping_status":"closed","template":"","meta":{"jetpack_post_was_ever_published":false,"footnotes":""},"class_list":["post-143","page","type-page","status-publish","hentry","post"],"jetpack_sharing_enabled":true,"jetpack_shortlink":"https:\/\/wp.me\/P81SDN-2j","_links":{"self":[{"href":"https:\/\/esaude.ese.ipp.pt\/index.php?rest_route=\/wp\/v2\/pages\/143","targetHints":{"allow":["GET"]}}],"collection":[{"href":"https:\/\/esaude.ese.ipp.pt\/index.php?rest_route=\/wp\/v2\/pages"}],"about":[{"href":"https:\/\/esaude.ese.ipp.pt\/index.php?rest_route=\/wp\/v2\/types\/page"}],"author":[{"embeddable":true,"href":"https:\/\/esaude.ese.ipp.pt\/index.php?rest_route=\/wp\/v2\/users\/2"}],"replies":[{"embeddable":true,"href":"https:\/\/esaude.ese.ipp.pt\/index.php?rest_route=%2Fwp%2Fv2%2Fcomments&post=143"}],"version-history":[{"count":1,"href":"https:\/\/esaude.ese.ipp.pt\/index.php?rest_route=\/wp\/v2\/pages\/143\/revisions"}],"predecessor-version":[{"id":145,"href":"https:\/\/esaude.ese.ipp.pt\/index.php?rest_route=\/wp\/v2\/pages\/143\/revisions\/145"}],"wp:attachment":[{"href":"https:\/\/esaude.ese.ipp.pt\/index.php?rest_route=%2Fwp%2Fv2%2Fmedia&parent=143"}],"curies":[{"name":"wp","href":"https:\/\/api.w.org\/{rel}","templated":true}]}}